{"id":2131,"date":"2022-09-02T10:55:50","date_gmt":"2022-09-02T09:55:50","guid":{"rendered":"https:\/\/cotonsport.bj\/?page_id=2131"},"modified":"2022-09-03T14:48:50","modified_gmt":"2022-09-03T13:48:50","slug":"accreditation-presse","status":"publish","type":"page","link":"https:\/\/cotonsport.bj\/?page_id=2131","title":{"rendered":"Accr\u00e9ditation Presse"},"content":{"rendered":"<p>[et_pb_section fb_built=\u00a0\u00bb1&Prime; custom_padding_last_edited=\u00a0\u00bbon|tablet\u00a0\u00bb disabled_on=\u00a0\u00bboff|off|off\u00a0\u00bb _builder_version=\u00a0\u00bb4.18.0&Prime; _module_preset=\u00a0\u00bbdefault\u00a0\u00bb background_enable_color=\u00a0\u00bboff\u00a0\u00bb custom_margin=\u00a0\u00bb140px||||false|false\u00a0\u00bb custom_padding=\u00a0\u00bb||||false|false\u00a0\u00bb custom_padding_tablet=\u00a0\u00bb120px||||false|false\u00a0\u00bb custom_padding_phone=\u00a0\u00bb120px||||false|false\u00a0\u00bb locked=\u00a0\u00bboff\u00a0\u00bb global_colors_info=\u00a0\u00bb{}\u00a0\u00bb][et_pb_row column_structure=\u00a0\u00bb1_2,1_2&Prime; _builder_version=\u00a0\u00bb4.18.0&Prime; _module_preset=\u00a0\u00bbdefault\u00a0\u00bb locked=\u00a0\u00bboff\u00a0\u00bb global_colors_info=\u00a0\u00bb{}\u00a0\u00bb][et_pb_column type=\u00a0\u00bb1_2&Prime; _builder_version=\u00a0\u00bb4.18.0&Prime; _module_preset=\u00a0\u00bbdefault\u00a0\u00bb global_colors_info=\u00a0\u00bb{}\u00a0\u00bb][et_pb_text _builder_version=\u00a0\u00bb4.18.0&Prime; _module_preset=\u00a0\u00bbdefault\u00a0\u00bb header_font=\u00a0\u00bbTeko|300|||||||\u00a0\u00bb header_text_color=\u00a0\u00bb#017191&Prime; header_font_size=\u00a0\u00bb40px\u00a0\u00bb locked=\u00a0\u00bboff\u00a0\u00bb global_colors_info=\u00a0\u00bb{}\u00a0\u00bb]<\/p>\n<h1>Demande d&rsquo;accr\u00e9ditation<\/h1>\n<p>[\/et_pb_text][et_pb_text disabled_on=\u00a0\u00bboff|off|off\u00a0\u00bb _builder_version=\u00a0\u00bb4.18.0&Prime; _module_preset=\u00a0\u00bbdefault\u00a0\u00bb text_font=\u00a0\u00bbUbuntu||||||||\u00a0\u00bb text_text_color=\u00a0\u00bb#7d7d7d\u00a0\u00bb text_font_size=\u00a0\u00bb16px\u00a0\u00bb text_line_height=\u00a0\u00bb24px\u00a0\u00bb link_text_color=\u00a0\u00bb#0dade8&Prime; display_conditions=\u00a0\u00bbW10=\u00a0\u00bb custom_margin=\u00a0\u00bb16px||||false|false\u00a0\u00bb locked=\u00a0\u00bboff\u00a0\u00bb global_colors_info=\u00a0\u00bb{}\u00a0\u00bb]<\/p>\n<p>Coton Football Club porte \u00e0 la connaissance des organes de presse que la proc\u00e9dure de demande d&rsquo;accr\u00e9ditation pour le match <strong>Coton FC vs ASEC Mimosas\u00a0<\/strong>comptant pour le premier tour pr\u00e9liminaire de la ligue des champions du dimanche 11 Septembre est officiellement ouverte.<\/p>\n<p>Veuillez cliquer sur <a href=\"https:\/\/docs.google.com\/forms\/d\/1OZ-FA3-fEypIXg0hgIFdi7EqZm4ua-rgpbPqXBV_3SU\/viewform?edit_requested=true\" target=\"_blank\" rel=\"noopener\">le lien d&rsquo;inscription<\/a> et remplir le formulaire au plus tard Lundi 05 Septembre \u00e0 20h. Nous traiterons votre demande et vous r\u00e9pondrons dans les plus brefs d\u00e9lais.<\/p>\n<p>[\/et_pb_text][\/et_pb_column][et_pb_column type=\u00a0\u00bb1_2&Prime; _builder_version=\u00a0\u00bb4.18.0&Prime; _module_preset=\u00a0\u00bbdefault\u00a0\u00bb global_colors_info=\u00a0\u00bb{}\u00a0\u00bb][et_pb_image src=\u00a0\u00bbhttps:\/\/cotonsport.bj\/wp-content\/uploads\/2022\/09\/accreditation_illustration.png\u00a0\u00bb title_text=\u00a0\u00bbaccreditation_illustration\u00a0\u00bb _builder_version=\u00a0\u00bb4.18.0&Prime; _module_preset=\u00a0\u00bbdefault\u00a0\u00bb global_colors_info=\u00a0\u00bb{}\u00a0\u00bb][\/et_pb_image][\/et_pb_column][\/et_pb_row][\/et_pb_section]<\/p>\n","protected":false},"excerpt":{"rendered":"<p>Demande d&rsquo;accr\u00e9ditationCoton Football Club porte \u00e0 la connaissance des organes de presse que la proc\u00e9dure de demande d&rsquo;accr\u00e9ditation pour le match Coton FC vs ASEC Mimosas\u00a0comptant pour le premier tour pr\u00e9liminaire de la ligue des champions du dimanche 11 Septembre est officiellement ouverte. Veuillez cliquer sur le lien d&rsquo;inscription et remplir le formulaire au plus [&hellip;]<\/p>\n","protected":false},"author":1,"featured_media":0,"parent":0,"menu_order":0,"comment_status":"closed","ping_status":"closed","template":"","meta":{"_et_pb_use_builder":"on","_et_pb_old_content":"<!-- wp:divi\/placeholder \/-->","_et_gb_content_width":"","footnotes":""},"class_list":["post-2131","page","type-page","status-publish","hentry"],"_links":{"self":[{"href":"https:\/\/cotonsport.bj\/index.php?rest_route=\/wp\/v2\/pages\/2131","targetHints":{"allow":["GET"]}}],"collection":[{"href":"https:\/\/cotonsport.bj\/index.php?rest_route=\/wp\/v2\/pages"}],"about":[{"href":"https:\/\/cotonsport.bj\/index.php?rest_route=\/wp\/v2\/types\/page"}],"author":[{"embeddable":true,"href":"https:\/\/cotonsport.bj\/index.php?rest_route=\/wp\/v2\/users\/1"}],"replies":[{"embeddable":true,"href":"https:\/\/cotonsport.bj\/index.php?rest_route=%2Fwp%2Fv2%2Fcomments&post=2131"}],"version-history":[{"count":12,"href":"https:\/\/cotonsport.bj\/index.php?rest_route=\/wp\/v2\/pages\/2131\/revisions"}],"predecessor-version":[{"id":2199,"href":"https:\/\/cotonsport.bj\/index.php?rest_route=\/wp\/v2\/pages\/2131\/revisions\/2199"}],"wp:attachment":[{"href":"https:\/\/cotonsport.bj\/index.php?rest_route=%2Fwp%2Fv2%2Fmedia&parent=2131"}],"curies":[{"name":"wp","href":"https:\/\/api.w.org\/{rel}","templated":true}]}}