{"id":1724,"date":"2022-08-23T18:18:06","date_gmt":"2022-08-23T17:18:06","guid":{"rendered":"https:\/\/cotonsport.bj\/?page_id=1724"},"modified":"2022-08-26T16:04:13","modified_gmt":"2022-08-26T15:04:13","slug":"a-propos-cfc","status":"publish","type":"page","link":"https:\/\/cotonsport.bj\/?page_id=1724","title":{"rendered":"\u00c0 propos CFC"},"content":{"rendered":"<p>[et_pb_section fb_built=\u00a0\u00bb1&Prime; _builder_version=\u00a0\u00bb4.18.0&Prime; _module_preset=\u00a0\u00bbdefault\u00a0\u00bb custom_padding=\u00a0\u00bb||0px||false|false\u00a0\u00bb hover_enabled=\u00a0\u00bb0&Prime; global_colors_info=\u00a0\u00bb{}\u00a0\u00bb custom_margin=\u00a0\u00bb104px||||false|false\u00a0\u00bb sticky_enabled=\u00a0\u00bb0&Prime;][et_pb_row column_structure=\u00a0\u00bb1_2,1_2&Prime; _builder_version=\u00a0\u00bb4.16&Prime; _module_preset=\u00a0\u00bbdefault\u00a0\u00bb custom_margin=\u00a0\u00bb||48px||false|false\u00a0\u00bb global_colors_info=\u00a0\u00bb{}\u00a0\u00bb][et_pb_column type=\u00a0\u00bb1_2&Prime; _builder_version=\u00a0\u00bb4.16&Prime; _module_preset=\u00a0\u00bbdefault\u00a0\u00bb global_colors_info=\u00a0\u00bb{}\u00a0\u00bb][et_pb_text admin_label=\u00a0\u00bbTitre &#8211; Texte\u00a0\u00bb _builder_version=\u00a0\u00bb4.18.0&Prime; _module_preset=\u00a0\u00bbdefault\u00a0\u00bb header_font=\u00a0\u00bbTeko|300|||||||\u00a0\u00bb header_text_color=\u00a0\u00bb#017191&Prime; header_font_size=\u00a0\u00bb36px\u00a0\u00bb hover_enabled=\u00a0\u00bb0&Prime; global_colors_info=\u00a0\u00bb{}\u00a0\u00bb sticky_enabled=\u00a0\u00bb0&Prime;]<\/p>\n<h1>Historique<\/h1>\n<p>[\/et_pb_text][et_pb_text _builder_version=\u00a0\u00bb4.16&Prime; _module_preset=\u00a0\u00bbdefault\u00a0\u00bb header_5_font=\u00a0\u00bbUbuntu|500|||||||\u00a0\u00bb header_5_font_size=\u00a0\u00bb20px\u00a0\u00bb header_5_line_height=\u00a0\u00bb28px\u00a0\u00bb global_colors_info=\u00a0\u00bb{}\u00a0\u00bb]<\/p>\n<h5>Coton FC est le premier club sign\u00e9 par Coton Sport B\u00e9nin. Anciennement bas\u00e9e \u00e0 Natitingou, la d\u00e9cision sera prise pour la domicilier \u00e0 Ouidah. <\/h5>\n<p>[\/et_pb_text][et_pb_text _builder_version=\u00a0\u00bb4.16&Prime; _module_preset=\u00a0\u00bbdefault\u00a0\u00bb text_font=\u00a0\u00bbUbuntu||||||||\u00a0\u00bb text_font_size=\u00a0\u00bb16px\u00a0\u00bb text_line_height=\u00a0\u00bb24px\u00a0\u00bb global_colors_info=\u00a0\u00bb{}\u00a0\u00bb]<\/p>\n<table>\n<tbody>\n<tr>\n<td><span style=\"display: block; width: 16px; height: 16px; background-color: #00808d; border-radius: 50%; position: absolute; top: 16px;\"><\/span><span style=\"display: block; margin-left: 7px; width: 2px; height: 220px; background-color: #ccc; border-radius: 4px;\"><\/span><\/td>\n<td>\n<h6><span><\/span><\/h6>\n<h3>Faits marquants<\/h3>\n<ul>\n<li>\n<p>Participation au championnat national de football saison 2020-2021 jusqu&rsquo;en juin 2021<\/p>\n<\/li>\n<li>\n<p>Dans l&rsquo;intervalle, validation du nom du club <a href=\"https:\/\/cotonsport.bj\/coton-fc\/\" target=\"_blank\" rel=\"noopener noreferrer\">Coton FC<\/a>, des logos, des diff\u00e9rents types de maillots et commande des dits maillots<\/p>\n<\/li>\n<li>\n<p>Recrutement le 1er juin du Directeur Sportif, <b>Victor ZVUNKA<\/b>, puis d\u00e9cision de ramener le domicile du club de Natitingou \u00e0 Ouidah<\/p>\n<\/li>\n<li>\n<p>Supervision de quelques matchs par le nouveau DS et constituion du noyau de l&rsquo;\u00e9quipe constitu\u00e9 des joueurs cl\u00e9s de l&rsquo;ex TANEKA<\/p>\n<\/li>\n<\/ul>\n<\/td>\n<\/tr>\n<\/tbody>\n<\/table>\n<p>[\/et_pb_text][\/et_pb_column][et_pb_column type=\u00a0\u00bb1_2&Prime; _builder_version=\u00a0\u00bb4.16&Prime; _module_preset=\u00a0\u00bbdefault\u00a0\u00bb global_colors_info=\u00a0\u00bb{}\u00a0\u00bb][et_pb_image src=\u00a0\u00bbhttps:\/\/cotonsport.bj\/wp-content\/uploads\/2022\/08\/coton-fc.png\u00a0\u00bb alt=\u00a0\u00bbLogo de Coton FC\u00a0\u00bb title_text=\u00a0\u00bbcoton-fc\u00a0\u00bb align=\u00a0\u00bbcenter\u00a0\u00bb force_fullwidth=\u00a0\u00bbon\u00a0\u00bb _builder_version=\u00a0\u00bb4.18.0&Prime; _module_preset=\u00a0\u00bbdefault\u00a0\u00bb hover_enabled=\u00a0\u00bb0&Prime; global_colors_info=\u00a0\u00bb{}\u00a0\u00bb sticky_enabled=\u00a0\u00bb0&Prime;][\/et_pb_image][\/et_pb_column][\/et_pb_row][\/et_pb_section]<\/p>\n","protected":false},"excerpt":{"rendered":"<p>HistoriqueCoton FC est le premier club sign\u00e9 par Coton Sport B\u00e9nin. Anciennement bas\u00e9e \u00e0 Natitingou, la d\u00e9cision sera prise pour la domicilier \u00e0 Ouidah. Faits marquants Participation au championnat national de football saison 2020-2021 jusqu&rsquo;en juin 2021 Dans l&rsquo;intervalle, validation du nom du club Coton FC, des logos, des diff\u00e9rents types de maillots et commande [&hellip;]<\/p>\n","protected":false},"author":1,"featured_media":0,"parent":742,"menu_order":0,"comment_status":"closed","ping_status":"closed","template":"","meta":{"_et_pb_use_builder":"on","_et_pb_old_content":"","_et_gb_content_width":"","footnotes":""},"class_list":["post-1724","page","type-page","status-publish","hentry"],"_links":{"self":[{"href":"https:\/\/cotonsport.bj\/index.php?rest_route=\/wp\/v2\/pages\/1724","targetHints":{"allow":["GET"]}}],"collection":[{"href":"https:\/\/cotonsport.bj\/index.php?rest_route=\/wp\/v2\/pages"}],"about":[{"href":"https:\/\/cotonsport.bj\/index.php?rest_route=\/wp\/v2\/types\/page"}],"author":[{"embeddable":true,"href":"https:\/\/cotonsport.bj\/index.php?rest_route=\/wp\/v2\/users\/1"}],"replies":[{"embeddable":true,"href":"https:\/\/cotonsport.bj\/index.php?rest_route=%2Fwp%2Fv2%2Fcomments&post=1724"}],"version-history":[{"count":5,"href":"https:\/\/cotonsport.bj\/index.php?rest_route=\/wp\/v2\/pages\/1724\/revisions"}],"predecessor-version":[{"id":2012,"href":"https:\/\/cotonsport.bj\/index.php?rest_route=\/wp\/v2\/pages\/1724\/revisions\/2012"}],"up":[{"embeddable":true,"href":"https:\/\/cotonsport.bj\/index.php?rest_route=\/wp\/v2\/pages\/742"}],"wp:attachment":[{"href":"https:\/\/cotonsport.bj\/index.php?rest_route=%2Fwp%2Fv2%2Fmedia&parent=1724"}],"curies":[{"name":"wp","href":"https:\/\/api.w.org\/{rel}","templated":true}]}}