{"id":1714,"date":"2022-08-23T18:14:39","date_gmt":"2022-08-23T17:14:39","guid":{"rendered":"https:\/\/cotonsport.bj\/?page_id=1714"},"modified":"2022-08-24T12:27:49","modified_gmt":"2022-08-24T11:27:49","slug":"a-propos-ec","status":"publish","type":"page","link":"https:\/\/cotonsport.bj\/?page_id=1714","title":{"rendered":"\u00c0 propos EC"},"content":{"rendered":"<p>[et_pb_section fb_built=\u00a0\u00bb1&Prime; _builder_version=\u00a0\u00bb4.11.2&Prime; _module_preset=\u00a0\u00bbdefault\u00a0\u00bb custom_padding=\u00a0\u00bb||0px||false|false\u00a0\u00bb global_colors_info=\u00a0\u00bb{}\u00a0\u00bb][et_pb_row column_structure=\u00a0\u00bb1_2,1_2&Prime; _builder_version=\u00a0\u00bb4.11.2&Prime; _module_preset=\u00a0\u00bbdefault\u00a0\u00bb custom_margin=\u00a0\u00bb||48px||false|false\u00a0\u00bb global_colors_info=\u00a0\u00bb{}\u00a0\u00bb][et_pb_column type=\u00a0\u00bb1_2&Prime; _builder_version=\u00a0\u00bb4.11.2&Prime; _module_preset=\u00a0\u00bbdefault\u00a0\u00bb global_colors_info=\u00a0\u00bb{}\u00a0\u00bb][et_pb_text admin_label=\u00a0\u00bbTitre &#8211; Texte\u00a0\u00bb _builder_version=\u00a0\u00bb4.11.2&Prime; _module_preset=\u00a0\u00bbdefault\u00a0\u00bb header_font=\u00a0\u00bbTeko|500|||||||\u00a0\u00bb header_text_color=\u00a0\u00bb#017191&Prime; header_font_size=\u00a0\u00bb36px\u00a0\u00bb global_colors_info=\u00a0\u00bb{}\u00a0\u00bb]<\/p>\n<h1>Historique<\/h1>\n<p>[\/et_pb_text][et_pb_text _builder_version=\u00a0\u00bb4.11.2&Prime; _module_preset=\u00a0\u00bbdefault\u00a0\u00bb header_5_font=\u00a0\u00bbUbuntu|500|||||||\u00a0\u00bb header_5_font_size=\u00a0\u00bb20px\u00a0\u00bb header_5_line_height=\u00a0\u00bb28px\u00a0\u00bb global_colors_info=\u00a0\u00bb{}\u00a0\u00bb]<\/p>\n<h5>Elan Coton BBC est le premier club de basket ball sign\u00e9 par Coton Sport B\u00e9nin. Anciennement appel\u00e9 Elan Sport Pro, il prend son nouveau nom Elan Coton Basket Ball Club \u00e0 l&rsquo;entr\u00e9e dans Coton Sport Benin.<\/h5>\n<p>[\/et_pb_text][et_pb_text _builder_version=\u00a0\u00bb4.11.2&Prime; _module_preset=\u00a0\u00bbdefault\u00a0\u00bb text_font=\u00a0\u00bbUbuntu||||||||\u00a0\u00bb text_font_size=\u00a0\u00bb16px\u00a0\u00bb text_line_height=\u00a0\u00bb24px\u00a0\u00bb global_colors_info=\u00a0\u00bb{}\u00a0\u00bb]<\/p>\n<table>\n<tbody>\n<tr>\n<td><span style=\"display: block; width: 16px; height: 16px; background-color: #00808d; border-radius: 50%; position: absolute; top: 16px;\"><\/span><span style=\"display: block; margin-left: 7px; width: 2px; height: 220px; background-color: #ccc; border-radius: 4px;\"><\/span><\/td>\n<td>\n<h6><span><\/span><\/h6>\n<h3>Faits marquants<\/h3>\n<ul>\n<li>\n<p>&#8212;<\/p>\n<\/li>\n<li><\/li>\n<\/ul>\n<\/td>\n<\/tr>\n<\/tbody>\n<\/table>\n<p>[\/et_pb_text][\/et_pb_column][et_pb_column type=\u00a0\u00bb1_2&Prime; _builder_version=\u00a0\u00bb4.11.2&Prime; _module_preset=\u00a0\u00bbdefault\u00a0\u00bb global_colors_info=\u00a0\u00bb{}\u00a0\u00bb][et_pb_image src=\u00a0\u00bbhttps:\/\/cotonsport.bj\/wp-content\/uploads\/2022\/08\/logo_ec-bbc.jpg\u00a0\u00bb title_text=\u00a0\u00bblogo_ec-bbc\u00a0\u00bb _builder_version=\u00a0\u00bb4.11.2&Prime; _module_preset=\u00a0\u00bbdefault\u00a0\u00bb hover_enabled=\u00a0\u00bb0&Prime; global_colors_info=\u00a0\u00bb{}\u00a0\u00bb sticky_enabled=\u00a0\u00bb0&Prime;][\/et_pb_image][\/et_pb_column][\/et_pb_row][\/et_pb_section]<\/p>\n","protected":false},"excerpt":{"rendered":"<p>HistoriqueElan Coton BBC est le premier club de basket ball sign\u00e9 par Coton Sport B\u00e9nin. Anciennement appel\u00e9 Elan Sport Pro, il prend son nouveau nom Elan Coton Basket Ball Club \u00e0 l&rsquo;entr\u00e9e dans Coton Sport Benin. Faits marquants &#8212;<\/p>\n","protected":false},"author":1,"featured_media":0,"parent":1610,"menu_order":0,"comment_status":"closed","ping_status":"closed","template":"","meta":{"_et_pb_use_builder":"on","_et_pb_old_content":"","_et_gb_content_width":"","footnotes":""},"class_list":["post-1714","page","type-page","status-publish","hentry"],"_links":{"self":[{"href":"https:\/\/cotonsport.bj\/index.php?rest_route=\/wp\/v2\/pages\/1714","targetHints":{"allow":["GET"]}}],"collection":[{"href":"https:\/\/cotonsport.bj\/index.php?rest_route=\/wp\/v2\/pages"}],"about":[{"href":"https:\/\/cotonsport.bj\/index.php?rest_route=\/wp\/v2\/types\/page"}],"author":[{"embeddable":true,"href":"https:\/\/cotonsport.bj\/index.php?rest_route=\/wp\/v2\/users\/1"}],"replies":[{"embeddable":true,"href":"https:\/\/cotonsport.bj\/index.php?rest_route=%2Fwp%2Fv2%2Fcomments&post=1714"}],"version-history":[{"count":4,"href":"https:\/\/cotonsport.bj\/index.php?rest_route=\/wp\/v2\/pages\/1714\/revisions"}],"predecessor-version":[{"id":1844,"href":"https:\/\/cotonsport.bj\/index.php?rest_route=\/wp\/v2\/pages\/1714\/revisions\/1844"}],"up":[{"embeddable":true,"href":"https:\/\/cotonsport.bj\/index.php?rest_route=\/wp\/v2\/pages\/1610"}],"wp:attachment":[{"href":"https:\/\/cotonsport.bj\/index.php?rest_route=%2Fwp%2Fv2%2Fmedia&parent=1714"}],"curies":[{"name":"wp","href":"https:\/\/api.w.org\/{rel}","templated":true}]}}