{"id":1023,"date":"2021-12-31T11:43:26","date_gmt":"2021-12-31T10:43:26","guid":{"rendered":"https:\/\/cotonsport.bj\/?page_id=1023"},"modified":"2022-08-30T12:26:19","modified_gmt":"2022-08-30T11:26:19","slug":"historique","status":"publish","type":"page","link":"https:\/\/cotonsport.bj\/?page_id=1023","title":{"rendered":"Historique"},"content":{"rendered":"<p>[et_pb_section fb_built=\u00a0\u00bb1&Prime; _builder_version=\u00a0\u00bb4.18.0&Prime; _module_preset=\u00a0\u00bbdefault\u00a0\u00bb custom_margin=\u00a0\u00bb196px||||false|false\u00a0\u00bb custom_padding=\u00a0\u00bb0px||||false|false\u00a0\u00bb locked=\u00a0\u00bboff\u00a0\u00bb global_colors_info=\u00a0\u00bb{}\u00a0\u00bb][et_pb_row _builder_version=\u00a0\u00bb4.18.0&Prime; _module_preset=\u00a0\u00bbdefault\u00a0\u00bb custom_padding=\u00a0\u00bb0px||0px||true|false\u00a0\u00bb global_colors_info=\u00a0\u00bb{}\u00a0\u00bb][et_pb_column type=\u00a0\u00bb4_4&Prime; _builder_version=\u00a0\u00bb4.18.0&Prime; _module_preset=\u00a0\u00bbdefault\u00a0\u00bb global_colors_info=\u00a0\u00bb{}\u00a0\u00bb][et_pb_text _builder_version=\u00a0\u00bb4.18.0&Prime; _module_preset=\u00a0\u00bbdefault\u00a0\u00bb header_3_font=\u00a0\u00bbTeko|300|||||||\u00a0\u00bb header_3_text_color=\u00a0\u00bb#00788D\u00a0\u00bb header_3_font_size=\u00a0\u00bb40px\u00a0\u00bb header_3_font_size_tablet=\u00a0\u00bb32px\u00a0\u00bb header_3_font_size_phone=\u00a0\u00bb24px\u00a0\u00bb header_3_font_size_last_edited=\u00a0\u00bbon|tablet\u00a0\u00bb global_colors_info=\u00a0\u00bb{}\u00a0\u00bb]<\/p>\n<h3>Historique<\/h3>\n<p>[\/et_pb_text][\/et_pb_column][\/et_pb_row][et_pb_row column_structure=\u00a0\u00bb3_5,2_5&Prime; admin_label=\u00a0\u00bbHistorique\u00a0\u00bb _builder_version=\u00a0\u00bb4.18.0&Prime; _module_preset=\u00a0\u00bbdefault\u00a0\u00bb custom_margin=\u00a0\u00bb||||false|false\u00a0\u00bb custom_padding=\u00a0\u00bb||0px||false|false\u00a0\u00bb hover_enabled=\u00a0\u00bb0&Prime; global_colors_info=\u00a0\u00bb{}\u00a0\u00bb use_custom_gutter=\u00a0\u00bbon\u00a0\u00bb gutter_width=\u00a0\u00bb2&Prime; sticky_enabled=\u00a0\u00bb0&Prime;][et_pb_column type=\u00a0\u00bb3_5&Prime; _builder_version=\u00a0\u00bb4.16&Prime; _module_preset=\u00a0\u00bbdefault\u00a0\u00bb global_colors_info=\u00a0\u00bb{}\u00a0\u00bb][et_pb_text _builder_version=\u00a0\u00bb4.18.0&Prime; _module_preset=\u00a0\u00bbdefault\u00a0\u00bb text_font=\u00a0\u00bbUbuntu||||||||\u00a0\u00bb text_font_size=\u00a0\u00bb16px\u00a0\u00bb text_line_height=\u00a0\u00bb24px\u00a0\u00bb hover_enabled=\u00a0\u00bb0&Prime; global_colors_info=\u00a0\u00bb{}\u00a0\u00bb sticky_enabled=\u00a0\u00bb0&Prime;]<\/p>\n<table>\n<tbody>\n<tr>\n<td><span style=\"display: block; width: 16px; height: 16px; background-color: #00808d; border-radius: 50%; position: absolute; top: 0;\"><\/span><br \/>\n<span style=\"display: block; margin-left: 7px; width: 2px; height: 60px; background-color: #ccc; border-radius: 4px;\"><\/span><\/td>\n<td>\n<h6><span>28 JANVIER 2021<\/span><\/h6>\n<h3>CR\u00c9ATION DE LA SOCI\u00c9T\u00c9<\/h3>\n<ul>\n<li>Cr\u00e9ation de la soci\u00e9t\u00e9 avec comme actionnaire unique la <a href=\"https:\/\/sodeco.bj\" target=\"_blank\" rel=\"noopener noreferrer\">SODECO SA<\/a><\/li>\n<\/ul>\n<\/td>\n<\/tr>\n<\/tbody>\n<\/table>\n<p>[\/et_pb_text][et_pb_text _builder_version=\u00a0\u00bb4.18.0&Prime; _module_preset=\u00a0\u00bbdefault\u00a0\u00bb text_font=\u00a0\u00bbUbuntu||||||||\u00a0\u00bb text_font_size=\u00a0\u00bb16px\u00a0\u00bb text_line_height=\u00a0\u00bb24px\u00a0\u00bb hover_enabled=\u00a0\u00bb0&Prime; global_colors_info=\u00a0\u00bb{}\u00a0\u00bb sticky_enabled=\u00a0\u00bb0&Prime;]<\/p>\n<table>\n<tbody>\n<tr>\n<td><span style=\"display: block; width: 16px; height: 16px; background-color: #00808d; border-radius: 50%; position: absolute; top: 0;\"><\/span><br \/>\n<span style=\"display: block; margin-left: 7px; width: 2px; height: 140px; background-color: #ccc; border-radius: 4px;\"><\/span><\/td>\n<td>\n<h6><span>29 JANVIER 2021<\/span><\/h6>\n<h3>SIGNATURE D&rsquo;UNE CONVENTION DE TRANSFERT<\/h3>\n<ul>\n<li>Signature d&rsquo;une convention de transfert avec l&rsquo;Association SEAM PROMOTION pour l&rsquo;exploitation de tous les attributs de l&rsquo;Association et la gestion des activit\u00e9s de son club professionnel de football avec en contrepartie, le financement par la soci\u00e9t\u00e9 de la partie amateur, les cat\u00e9gories d&rsquo;\u00e2ge, la formation et le sport f\u00e9minin de l&rsquo;Association;<\/li>\n<\/ul>\n<\/td>\n<\/tr>\n<\/tbody>\n<\/table>\n<p>[\/et_pb_text][\/et_pb_column][et_pb_column type=\u00a0\u00bb2_5&Prime; disabled_on=\u00a0\u00bbon|on|off\u00a0\u00bb _builder_version=\u00a0\u00bb4.18.0&Prime; _module_preset=\u00a0\u00bbdefault\u00a0\u00bb global_colors_info=\u00a0\u00bb{}\u00a0\u00bb][et_pb_image src=\u00a0\u00bbhttps:\/\/cotonsport.bj\/wp-content\/uploads\/2021\/11\/CSB-Logo.webp\u00a0\u00bb title_text=\u00a0\u00bbCSB-Logo\u00a0\u00bb _builder_version=\u00a0\u00bb4.16&Prime; _module_preset=\u00a0\u00bbdefault\u00a0\u00bb global_colors_info=\u00a0\u00bb{}\u00a0\u00bb][\/et_pb_image][\/et_pb_column][\/et_pb_row][et_pb_row admin_label=\u00a0\u00bbHistorique\u00a0\u00bb _builder_version=\u00a0\u00bb4.18.0&Prime; _module_preset=\u00a0\u00bbdefault\u00a0\u00bb custom_margin=\u00a0\u00bb0px||48px||false|false\u00a0\u00bb custom_padding=\u00a0\u00bb0px||||false|false\u00a0\u00bb global_colors_info=\u00a0\u00bb{}\u00a0\u00bb][et_pb_column type=\u00a0\u00bb4_4&Prime; _builder_version=\u00a0\u00bb4.16&Prime; _module_preset=\u00a0\u00bbdefault\u00a0\u00bb global_colors_info=\u00a0\u00bb{}\u00a0\u00bb][et_pb_text _builder_version=\u00a0\u00bb4.18.0&Prime; _module_preset=\u00a0\u00bbdefault\u00a0\u00bb text_font=\u00a0\u00bbUbuntu||||||||\u00a0\u00bb text_font_size=\u00a0\u00bb16px\u00a0\u00bb text_line_height=\u00a0\u00bb24px\u00a0\u00bb hover_enabled=\u00a0\u00bb0&Prime; global_colors_info=\u00a0\u00bb{}\u00a0\u00bb sticky_enabled=\u00a0\u00bb0&Prime;]<\/p>\n<table>\n<tbody>\n<tr>\n<td><span style=\"display: block; width: 16px; height: 16px; background-color: #00808d; border-radius: 50%; position: absolute; top: 0;\"><\/span><br \/>\n<span style=\"display: block; margin-left: 7px; width: 2px; height: 220px; background-color: #ccc; border-radius: 4px;\"><\/span><\/td>\n<td>\n<h6><span>JUIN 2021<\/span><\/h6>\n<h3>CHAMPIONNAT NATIONAL DE FOOTBALL<\/h3>\n<ul>\n<li>Participation au championnat national de football saison 2020-2021 jusqu&rsquo;en juin 2021<\/li>\n<li>Dans l&rsquo;intervalle, validation du nom du club <a href=\"https:\/\/cotonsport.bj\/coton-fc\/\" target=\"_blank\" rel=\"noopener noreferrer\">Coton FC<\/a>, des logos, des diff\u00e9rents types de maillots et commande des dits maillots<\/li>\n<li>Recrutement le 1er juin du Directeur Sportif, <b>Victor ZVUNKA<\/b>, puis d\u00e9cision de ramener le domicile du club de Natitingou \u00e0 Ouidah<\/li>\n<li>Supervision de quelques matchs par le nouveau DS et constituion du noyau de l&rsquo;\u00e9quipe constitu\u00e9 des joueurs cl\u00e9s de l&rsquo;ex TANEKA<\/li>\n<\/ul>\n<\/td>\n<\/tr>\n<\/tbody>\n<\/table>\n<p>[\/et_pb_text][et_pb_text _builder_version=\u00a0\u00bb4.18.0&Prime; _module_preset=\u00a0\u00bbdefault\u00a0\u00bb text_font=\u00a0\u00bbUbuntu||||||||\u00a0\u00bb text_font_size=\u00a0\u00bb16px\u00a0\u00bb text_line_height=\u00a0\u00bb24px\u00a0\u00bb hover_enabled=\u00a0\u00bb0&Prime; global_colors_info=\u00a0\u00bb{}\u00a0\u00bb sticky_enabled=\u00a0\u00bb0&Prime;]<\/p>\n<table>\n<tbody>\n<tr>\n<td><span style=\"display: block; width: 16px; height: 16px; background-color: #00808d; border-radius: 50%; position: absolute; top: 0;\"><\/span><br \/>\n<span style=\"display: block; margin-left: 7px; width: 2px; height: 400px; background-color: #ccc; border-radius: 4px;\"><\/span><\/td>\n<td>\n<h6><span>JUILLET &#8211; AO\u00dbT 2021<\/span><\/h6>\n<h3>CONSTITUTION DU STAFF<\/h3>\n<ul>\n<li>Constitution du staff technique et m\u00e9dical de l&rsquo;\u00e9quipe (Directeur Sportif, Pr\u00e9parateur physique, Entraineur local, Entraineur des gardiens de but, M\u00e9decin du club, kin\u00e9sith\u00e9rapeutes, Charg\u00e9 de recrutement, Charg\u00e9s de la supervision des matchs, Charg\u00e9 du mat\u00e9riel, TMS Officer, etc<\/li>\n<li>Recrutement des joueurs pour \u00e9toffer l&rsquo;\u00e9quipe avec quelques internationaux venant du Nig\u00e9ria, de la C\u00f4te d&rsquo;Ivoire, du Burkina et du Togo<\/li>\n<li>D\u00e9marrage de la pr\u00e9paration du championnat 2021-2022 d&rsquo;abord par le terrain du Grand S\u00e9minaire de Ouidah Saint Gall puis par le nouveau stade de Ouidah dont la gestion sera confi\u00e9e \u00e0 la Soci\u00e9t\u00e9<\/li>\n<li>Location en Ao\u00fbt 2021 d&rsquo;un immeuble R+2 (18 chambres) de l&rsquo;h\u00f4tel TERRA NOSTRA, privatisation et travaux de r\u00e9am\u00e9nagement dudit immeuble pour le logement des joueurs en attendant le projet de construction d&rsquo;un complexe sportif<\/li>\n<li>Signature d&rsquo;une convention de transfert avec le club champion de basketball Elan Basketball et validation du nom de club (Elan Coton Basketball) dans le m\u00eame esprit que celui de football<\/li>\n<\/ul>\n<\/td>\n<\/tr>\n<\/tbody>\n<\/table>\n<p>[\/et_pb_text][et_pb_text _builder_version=\u00a0\u00bb4.18.0&Prime; _module_preset=\u00a0\u00bbdefault\u00a0\u00bb text_font=\u00a0\u00bbUbuntu||||||||\u00a0\u00bb text_font_size=\u00a0\u00bb16px\u00a0\u00bb text_line_height=\u00a0\u00bb24px\u00a0\u00bb hover_enabled=\u00a0\u00bb0&Prime; global_colors_info=\u00a0\u00bb{}\u00a0\u00bb sticky_enabled=\u00a0\u00bb0&Prime;]<\/p>\n<table>\n<tbody>\n<tr>\n<td><span style=\"display: block; width: 16px; height: 16px; background-color: #00808d; border-radius: 50%; position: absolute; top: 0;\"><\/span><br \/>\n<span style=\"display: block; margin-left: 7px; width: 2px; height: 160px; background-color: #ccc; border-radius: 4px;\"><\/span><\/td>\n<td>\n<h6><span>OCTOBRE &#8211; NOVEMBRE 2021<\/span><\/h6>\n<h3>CHAMPIONNAT NATIONAL DE FOOTBALL<\/h3>\n<ul>\n<li>D\u00e9marrage du championnat national de football le 31 Octobre 2021 avec un match inaugural contre les Requins de l&rsquo;Atlantique et une victoire (3 -2) au stade GMK<\/li>\n<li>Victoire le 14 Novembre 2021 contre l&rsquo;\u00e9quipe SITATUNGA sur le stade de l&rsquo;Universit\u00e9 d&rsquo;Abomey Calavi par un score de 4 contre 1;<\/li>\n<li>Victoire le 17 Novembre 2021 contre l&rsquo;\u00e9quipe de l&rsquo;AS Cotonou (CNSS) sur le stade de Ouidah qui abritait le premier match officiel par un score de 1 contre 0<\/li>\n<\/ul>\n<\/td>\n<\/tr>\n<\/tbody>\n<\/table>\n<p>[\/et_pb_text][et_pb_text _builder_version=\u00a0\u00bb4.18.0&Prime; _module_preset=\u00a0\u00bbdefault\u00a0\u00bb text_font=\u00a0\u00bbUbuntu||||||||\u00a0\u00bb text_font_size=\u00a0\u00bb16px\u00a0\u00bb text_line_height=\u00a0\u00bb24px\u00a0\u00bb hover_enabled=\u00a0\u00bb0&Prime; global_colors_info=\u00a0\u00bb{}\u00a0\u00bb sticky_enabled=\u00a0\u00bb0&Prime;]<\/p>\n<table>\n<tbody>\n<tr>\n<td><span style=\"display: block; width: 16px; height: 16px; background-color: #00808d; border-radius: 50%; position: absolute; top: 0;\"><\/span><br \/>\n<span style=\"display: block; margin-left: 7px; width: 2px; height: 110px; background-color: #ccc; border-radius: 4px;\"><\/span><\/td>\n<td>\n<h6><span>AUJOURD&rsquo;HUI<\/span><\/h6>\n<h3>&#8211;<\/h3>\n<ul>\n<li>Au total, depuis la prise en main de l&rsquo;\u00e9quipe par le nouveau staff \u00e0 ce jour, 12 match (amicaux comme officiels) ont \u00e9t\u00e9 livr\u00e9s avec, \u00e0 la cl\u00e9, 10 victoires et 2 matchs nuls;<\/li>\n<li>Rappel des ambitions par le PDG: \u00eatre champion du B\u00e9nin, participer puis jouer les premiers r\u00f4les dans les prochaines comp\u00e9titions africaines.<\/li>\n<\/ul>\n<\/td>\n<\/tr>\n<\/tbody>\n<\/table>\n<p>[\/et_pb_text][\/et_pb_column][\/et_pb_row][\/et_pb_section]<\/p>\n","protected":false},"excerpt":{"rendered":"<p>Historique 28 JANVIER 2021 CR\u00c9ATION DE LA SOCI\u00c9T\u00c9 Cr\u00e9ation de la soci\u00e9t\u00e9 avec comme actionnaire unique la SODECO SA 29 JANVIER 2021 SIGNATURE D&rsquo;UNE CONVENTION DE TRANSFERT Signature d&rsquo;une convention de transfert avec l&rsquo;Association SEAM PROMOTION pour l&rsquo;exploitation de tous les attributs de l&rsquo;Association et la gestion des activit\u00e9s de son club professionnel de football [&hellip;]<\/p>\n","protected":false},"author":1,"featured_media":0,"parent":678,"menu_order":0,"comment_status":"closed","ping_status":"closed","template":"","meta":{"_et_pb_use_builder":"on","_et_pb_old_content":"","_et_gb_content_width":"","footnotes":""},"class_list":["post-1023","page","type-page","status-publish","hentry"],"_links":{"self":[{"href":"https:\/\/cotonsport.bj\/index.php?rest_route=\/wp\/v2\/pages\/1023","targetHints":{"allow":["GET"]}}],"collection":[{"href":"https:\/\/cotonsport.bj\/index.php?rest_route=\/wp\/v2\/pages"}],"about":[{"href":"https:\/\/cotonsport.bj\/index.php?rest_route=\/wp\/v2\/types\/page"}],"author":[{"embeddable":true,"href":"https:\/\/cotonsport.bj\/index.php?rest_route=\/wp\/v2\/users\/1"}],"replies":[{"embeddable":true,"href":"https:\/\/cotonsport.bj\/index.php?rest_route=%2Fwp%2Fv2%2Fcomments&post=1023"}],"version-history":[{"count":10,"href":"https:\/\/cotonsport.bj\/index.php?rest_route=\/wp\/v2\/pages\/1023\/revisions"}],"predecessor-version":[{"id":2109,"href":"https:\/\/cotonsport.bj\/index.php?rest_route=\/wp\/v2\/pages\/1023\/revisions\/2109"}],"up":[{"embeddable":true,"href":"https:\/\/cotonsport.bj\/index.php?rest_route=\/wp\/v2\/pages\/678"}],"wp:attachment":[{"href":"https:\/\/cotonsport.bj\/index.php?rest_route=%2Fwp%2Fv2%2Fmedia&parent=1023"}],"curies":[{"name":"wp","href":"https:\/\/api.w.org\/{rel}","templated":true}]}}